{"id":715,"date":"2016-03-21T18:07:34","date_gmt":"2016-03-21T16:07:34","guid":{"rendered":"http:\/\/www.stubenmusicstudio.com\/hall\/?page_id=715"},"modified":"2016-03-21T18:20:22","modified_gmt":"2016-03-21T16:20:22","slug":"faq","status":"publish","type":"page","link":"https:\/\/www.stubenmusicstudio.com\/hall\/?page_id=715","title":{"rendered":"FAQ"},"content":{"rendered":"<ul>\n<li><strong><b>Why is this page not in English?<br \/>\n<\/b><\/strong>Sorry meanwhile only in german! \ud83d\ude42<\/li>\n<\/ul>\n<ul>\n<li><b>Was ist euer Ziel?<br \/>\n<\/b>Unser Ziel ist eine nachhaltige Verbesserung in der Nutzung und Verteilung der Ressource Raum.<\/li>\n<\/ul>\n<ul>\n<li><b>Welche Methoden n\u00fctzt ihr?<br \/>\n<\/b>Vorranging wenden wir die Methode der Beobachtung an. Wir dokumentieren und analysieren Artefakte einer r\u00e4umlichen operativen Logik und Handlungsroutine &#8211; der Akteure bzw. Nutzer im Raum. In weiterer Folge entwickeln wir aus diesen anonymen \u201eAlltagsstrategien\u201c r\u00e4umliche Vorschl\u00e4ge die einer zuk\u00fcnftigen nachhaltigen Nutzung der Ressource Raum dienen sollen.<\/li>\n<\/ul>\n<ul>\n<li><b>Worauf liegt der Fokus &#8211; der Beobachtung\/Methode?<br \/>\n<\/b>Der Fokus liegt auf r\u00e4umlichen strukturellen Eigenschaften des umbauten Raums und den damit in weiterer Folge verbundenen operativen M\u00f6glichkeiten f\u00fcr den Akteur in der Benutzung.<\/li>\n<\/ul>\n<ul>\n<li><b>Wie ist euer Vorgehen bzw. wie ist euer Ablaufplan?<br \/>\n<\/b>Unser Vorgehen ist stark Moment- und Prozessorientiert d.h. inhaltliche \u00c4nderungen und Richtungswechsel sind vorprogrammiert und sogar erw\u00fcnscht. Es gibt keine dogmatisch definierten Ziele, Meilensteine, Produkte und oder einen Endpunkt \u2013 die Richtung ist zwar definiert aber der eigentliche Weg ergibt sich erst im Prozess.<\/li>\n<\/ul>\n<ul>\n<li><b>Trotzdem, an was arbeitet ihr gerade?<br \/>\n<\/b>Zurzeit liegt unser \u00fcbergeordneter Fokus auf dem operativ zug\u00e4nglichen (\u201e\u00f6ffentlichen\u201c) Raum \u2013 gemeinhin Au\u00dfenraum bzw. Freiraum. Dort besch\u00e4ftigen wir uns im speziellen mit beobachtbaren Raumaneignungssystematiken. Kurzum, wir dokumentieren (Fotos, Videos, Kartierungen, Interviews etc.) die verschiedenen privaten Aneignungen (G\u00e4rten, Abgrenzungen, Markierungen etc.)\u00a0 im \u00f6ffentlich zug\u00e4nglichen Raum \u00fcber einen l\u00e4ngeren Zeitraum um sie dann zu analysieren, klassifizieren und systematisieren. Im speziellen arbeiten wir gerade an der Studie\/Publikation mit dem Arbeitstitel:\u00a0 <i>\u201eDer Wei\u00dfe Kunststoffstuhl:\u00a0 Tempor\u00e4re private Territorien im \u00f6ffentlichen Raum am Beispiel von Hallschlag\/Stuttgart bzw. Territoriale Unsch\u00e4rfe als Katalysator eines Inneren Drucks.\u201c <\/i><\/li>\n<\/ul>\n<ul>\n<li><b>Welchen Hintergrund habt ihr?<br \/>\n<\/b>Unser Team setzt sich aus Studenten der Architektur sowie aus Architekten zusammen. D.h. unsere Profession ist die Produktion des umbauten Raums und nicht unbedingt die Ethnografie und oder z.B. die Soziologie wie man vielleicht wegen der Methode der Beobachtung glauben k\u00f6nnte. Unsere Expertise ist der umbaute Raum und seine strukturellen Eigenschaften wie z.B. Durchl\u00e4ssigkeit, Zug\u00e4nglichkeit, Fragmentierung etc. Wir verstehen Raum als zuerst neutrales Handlungsfeld das erst in der Benutzung (und damit nat\u00fcrlich auch Benutzbarkeit!) durch den Akteur zu einem sozial interaktiven M\u00f6glichkeitsraum werden kann.<\/li>\n<\/ul>\n<ul>\n<li><b>Wie werdet ihr finanziert?<br \/>\n<\/b>Unser Projekt ist privat finanziert und intrinsischen Ursprungs. Es besteht aus einem unabh\u00e4ngigen Netzwerk von Privatpersonen mit dem gemeinsamen Interesse an grundlegenden Fragen zu Raum.<\/li>\n<\/ul>\n<ul>\n<li><b>Welche Interessen stecken hinter eurem Projekt?<br \/>\n<\/b>Wir verstehen uns einerseits als unabh\u00e4ngiges erkenntnistheoretisches Grundlagenforschungsprojekt aber auch als Experiment und Pol zur gegenw\u00e4rtigen isomorphen Stadt- und Quartiersforschung bzw. Entwicklung.<\/li>\n<\/ul>\n<ul>\n<li><b>Wie kommt es, dass ihr euch mit dem Hallschlag besch\u00e4ftigt?<br \/>\n<\/b>Der Hallschlag bietet f\u00fcr uns auf Grund mehrerer Faktoren das ideale Betrachtungsgebiet. Einerseits ganz einfach wegen der r\u00e4umlichen N\u00e4he (zu unseren Wohnorten) die im Bezug zu unserer Hauptmethode, der permanenten Beobachtung &amp; Dokumentation, notwendig ist. Und andererseits wegen seiner innerst\u00e4dtischen Lage, Verkehrsanbindung, Erschlie\u00dfung, Eigentumsstruktur, Bewohnerstruktur, Bebauungsstruktur, Bebauungstypologie\u00a0 etc.<\/li>\n<\/ul>\n<ul>\n<li><b>Kann ich mehr erfahren bzw. kann ich mitmachen?<\/b><br \/>\nKlar, wende dich einfach an: office[at]hallschlag.org<\/li>\n<\/ul>\n<p>&nbsp;<\/p>\n<p>&nbsp;<\/p>\n","protected":false},"excerpt":{"rendered":"<p>Why is this page not in English? Sorry meanwhile only in german! \ud83d\ude42 Was ist euer Ziel? Unser Ziel ist eine nachhaltige Verbesserung in der Nutzung und Verteilung der Ressource Raum. Welche Methoden n\u00fctzt ihr? Vorranging wenden wir die Methode der Beobachtung an. Wir dokumentieren und analysieren Artefakte einer r\u00e4umlichen operativen Logik und Handlungsroutine &#8211; [&hellip;]<\/p>\n","protected":false},"author":1,"featured_media":0,"parent":0,"menu_order":0,"comment_status":"closed","ping_status":"open","template":"","meta":{"footnotes":""},"_links":{"self":[{"href":"https:\/\/www.stubenmusicstudio.com\/hall\/index.php?rest_route=\/wp\/v2\/pages\/715"}],"collection":[{"href":"https:\/\/www.stubenmusicstudio.com\/hall\/index.php?rest_route=\/wp\/v2\/pages"}],"about":[{"href":"https:\/\/www.stubenmusicstudio.com\/hall\/index.php?rest_route=\/wp\/v2\/types\/page"}],"author":[{"embeddable":true,"href":"https:\/\/www.stubenmusicstudio.com\/hall\/index.php?rest_route=\/wp\/v2\/users\/1"}],"replies":[{"embeddable":true,"href":"https:\/\/www.stubenmusicstudio.com\/hall\/index.php?rest_route=%2Fwp%2Fv2%2Fcomments&post=715"}],"version-history":[{"count":5,"href":"https:\/\/www.stubenmusicstudio.com\/hall\/index.php?rest_route=\/wp\/v2\/pages\/715\/revisions"}],"predecessor-version":[{"id":731,"href":"https:\/\/www.stubenmusicstudio.com\/hall\/index.php?rest_route=\/wp\/v2\/pages\/715\/revisions\/731"}],"wp:attachment":[{"href":"https:\/\/www.stubenmusicstudio.com\/hall\/index.php?rest_route=%2Fwp%2Fv2%2Fmedia&parent=715"}],"curies":[{"name":"wp","href":"https:\/\/api.w.org\/{rel}","templated":true}]}}